{"id":123,"date":"2023-05-14T18:30:38","date_gmt":"2023-05-14T18:30:38","guid":{"rendered":"https:\/\/elgatoquetodolosabe.com\/?page_id=123"},"modified":"2024-07-24T06:35:00","modified_gmt":"2024-07-24T06:35:00","slug":"home-el-gato-que-todo-lo-sabe","status":"publish","type":"page","link":"https:\/\/elgatoquetodolosabe.com\/","title":{"rendered":"Home"},"content":{"rendered":"\t\t<div data-elementor-type=\"wp-page\" data-elementor-id=\"123\" class=\"elementor elementor-123\">\n\t\t\t\t\t\t\t\t\t<section class=\"elementor-section elementor-top-section elementor-element elementor-element-7bcbba8 elementor-section-boxed elementor-section-height-default elementor-section-height-default\" data-id=\"7bcbba8\" data-element_type=\"section\" data-settings=\"{&quot;background_background&quot;:&quot;classic&quot;}\">\n\t\t\t\t\t\t<div class=\"elementor-container elementor-column-gap-default\">\n\t\t\t\t\t<div class=\"elementor-column elementor-col-100 elementor-top-column elementor-element elementor-element-f59047e\" data-id=\"f59047e\" data-element_type=\"column\">\n\t\t\t<div class=\"elementor-widget-wrap elementor-element-populated\">\n\t\t\t\t\t\t\t\t<section class=\"elementor-section elementor-inner-section elementor-element elementor-element-0ff4be0 elementor-section-height-min-height elementor-section-boxed elementor-section-height-default\" data-id=\"0ff4be0\" data-element_type=\"section\" data-settings=\"{&quot;background_background&quot;:&quot;classic&quot;}\">\n\t\t\t\t\t\t<div class=\"elementor-container elementor-column-gap-default\">\n\t\t\t\t\t<div class=\"elementor-column elementor-col-100 elementor-inner-column elementor-element elementor-element-09072df\" data-id=\"09072df\" data-element_type=\"column\">\n\t\t\t<div class=\"elementor-widget-wrap elementor-element-populated\">\n\t\t\t\t\t\t\t\t<div class=\"elementor-element elementor-element-6900b48 elementor-align-center elementor-mobile-align-center elementor-widget elementor-widget-button\" data-id=\"6900b48\" data-element_type=\"widget\" data-widget_type=\"button.default\">\n\t\t\t\t<div class=\"elementor-widget-container\">\n\t\t\t\t\t<div class=\"elementor-button-wrapper\">\n\t\t\t<a href=\"https:\/\/elgatoquetodolosabe.com\/?page_id=322\" class=\"elementor-button-link elementor-button elementor-size-md\" role=\"button\">\n\t\t\t\t\t\t<span class=\"elementor-button-content-wrapper\">\n\t\t\t\t\t\t<span class=\"elementor-button-text\">Prensa<\/span>\n\t\t<\/span>\n\t\t\t\t\t<\/a>\n\t\t<\/div>\n\t\t\t\t<\/div>\n\t\t\t\t<\/div>\n\t\t\t\t<div class=\"elementor-element elementor-element-26f2a45 elementor-align-center elementor-mobile-align-center elementor-widget elementor-widget-button\" data-id=\"26f2a45\" data-element_type=\"widget\" data-widget_type=\"button.default\">\n\t\t\t\t<div class=\"elementor-widget-container\">\n\t\t\t\t\t<div class=\"elementor-button-wrapper\">\n\t\t\t<a href=\"https:\/\/elgatoquetodolosabe.com\/index.php\/home\/el-autor\/\" class=\"elementor-button-link elementor-button elementor-size-md\" role=\"button\">\n\t\t\t\t\t\t<span class=\"elementor-button-content-wrapper\">\n\t\t\t\t\t\t<span class=\"elementor-button-text\">El autor<\/span>\n\t\t<\/span>\n\t\t\t\t\t<\/a>\n\t\t<\/div>\n\t\t\t\t<\/div>\n\t\t\t\t<\/div>\n\t\t\t\t<div class=\"elementor-element elementor-element-64878ba elementor-align-center elementor-mobile-align-center elementor-widget elementor-widget-button\" data-id=\"64878ba\" data-element_type=\"widget\" data-widget_type=\"button.default\">\n\t\t\t\t<div class=\"elementor-widget-container\">\n\t\t\t\t\t<div class=\"elementor-button-wrapper\">\n\t\t\t<a href=\"https:\/\/elgatoquetodolosabe.com\/index.php\/home-el-gato-que-todo-lo-sabe\/la-inspiracion\/\" class=\"elementor-button-link elementor-button elementor-size-md\" role=\"button\">\n\t\t\t\t\t\t<span class=\"elementor-button-content-wrapper\">\n\t\t\t\t\t\t<span class=\"elementor-button-text\">La inspiraci\u00f3n<\/span>\n\t\t<\/span>\n\t\t\t\t\t<\/a>\n\t\t<\/div>\n\t\t\t\t<\/div>\n\t\t\t\t<\/div>\n\t\t\t\t<div class=\"elementor-element elementor-element-6be0870 elementor-align-center elementor-mobile-align-center elementor-widget elementor-widget-button\" data-id=\"6be0870\" data-element_type=\"widget\" data-widget_type=\"button.default\">\n\t\t\t\t<div class=\"elementor-widget-container\">\n\t\t\t\t\t<div class=\"elementor-button-wrapper\">\n\t\t\t<a href=\"https:\/\/elgatoquetodolosabe.com\/index.php\/home\/hazte-con-el-libro\/\" class=\"elementor-button-link elementor-button elementor-size-md\" role=\"button\">\n\t\t\t\t\t\t<span class=\"elementor-button-content-wrapper\">\n\t\t\t\t\t\t<span class=\"elementor-button-text\">Hazte con el libro<\/span>\n\t\t<\/span>\n\t\t\t\t\t<\/a>\n\t\t<\/div>\n\t\t\t\t<\/div>\n\t\t\t\t<\/div>\n\t\t\t\t<div class=\"elementor-element elementor-element-abc0ef1 elementor-shape-rounded elementor-grid-0 e-grid-align-center elementor-widget elementor-widget-social-icons\" data-id=\"abc0ef1\" data-element_type=\"widget\" data-widget_type=\"social-icons.default\">\n\t\t\t\t<div class=\"elementor-widget-container\">\n\t\t\t<style>\/*! elementor - v3.13.2 - 11-05-2023 *\/\n.elementor-widget-social-icons.elementor-grid-0 .elementor-widget-container,.elementor-widget-social-icons.elementor-grid-mobile-0 .elementor-widget-container,.elementor-widget-social-icons.elementor-grid-tablet-0 .elementor-widget-container{line-height:1;font-size:0}.elementor-widget-social-icons:not(.elementor-grid-0):not(.elementor-grid-tablet-0):not(.elementor-grid-mobile-0) .elementor-grid{display:inline-grid}.elementor-widget-social-icons .elementor-grid{grid-column-gap:var(--grid-column-gap,5px);grid-row-gap:var(--grid-row-gap,5px);grid-template-columns:var(--grid-template-columns);justify-content:var(--justify-content,center);justify-items:var(--justify-content,center)}.elementor-icon.elementor-social-icon{font-size:var(--icon-size,25px);line-height:var(--icon-size,25px);width:calc(var(--icon-size, 25px) + (2 * var(--icon-padding, .5em)));height:calc(var(--icon-size, 25px) + (2 * var(--icon-padding, .5em)))}.elementor-social-icon{--e-social-icon-icon-color:#fff;display:inline-flex;background-color:#69727d;align-items:center;justify-content:center;text-align:center;cursor:pointer}.elementor-social-icon i{color:var(--e-social-icon-icon-color)}.elementor-social-icon svg{fill:var(--e-social-icon-icon-color)}.elementor-social-icon:last-child{margin:0}.elementor-social-icon:hover{opacity:.9;color:#fff}.elementor-social-icon-android{background-color:#a4c639}.elementor-social-icon-apple{background-color:#999}.elementor-social-icon-behance{background-color:#1769ff}.elementor-social-icon-bitbucket{background-color:#205081}.elementor-social-icon-codepen{background-color:#000}.elementor-social-icon-delicious{background-color:#39f}.elementor-social-icon-deviantart{background-color:#05cc47}.elementor-social-icon-digg{background-color:#005be2}.elementor-social-icon-dribbble{background-color:#ea4c89}.elementor-social-icon-elementor{background-color:#d30c5c}.elementor-social-icon-envelope{background-color:#ea4335}.elementor-social-icon-facebook,.elementor-social-icon-facebook-f{background-color:#3b5998}.elementor-social-icon-flickr{background-color:#0063dc}.elementor-social-icon-foursquare{background-color:#2d5be3}.elementor-social-icon-free-code-camp,.elementor-social-icon-freecodecamp{background-color:#006400}.elementor-social-icon-github{background-color:#333}.elementor-social-icon-gitlab{background-color:#e24329}.elementor-social-icon-globe{background-color:#69727d}.elementor-social-icon-google-plus,.elementor-social-icon-google-plus-g{background-color:#dd4b39}.elementor-social-icon-houzz{background-color:#7ac142}.elementor-social-icon-instagram{background-color:#262626}.elementor-social-icon-jsfiddle{background-color:#487aa2}.elementor-social-icon-link{background-color:#818a91}.elementor-social-icon-linkedin,.elementor-social-icon-linkedin-in{background-color:#0077b5}.elementor-social-icon-medium{background-color:#00ab6b}.elementor-social-icon-meetup{background-color:#ec1c40}.elementor-social-icon-mixcloud{background-color:#273a4b}.elementor-social-icon-odnoklassniki{background-color:#f4731c}.elementor-social-icon-pinterest{background-color:#bd081c}.elementor-social-icon-product-hunt{background-color:#da552f}.elementor-social-icon-reddit{background-color:#ff4500}.elementor-social-icon-rss{background-color:#f26522}.elementor-social-icon-shopping-cart{background-color:#4caf50}.elementor-social-icon-skype{background-color:#00aff0}.elementor-social-icon-slideshare{background-color:#0077b5}.elementor-social-icon-snapchat{background-color:#fffc00}.elementor-social-icon-soundcloud{background-color:#f80}.elementor-social-icon-spotify{background-color:#2ebd59}.elementor-social-icon-stack-overflow{background-color:#fe7a15}.elementor-social-icon-steam{background-color:#00adee}.elementor-social-icon-stumbleupon{background-color:#eb4924}.elementor-social-icon-telegram{background-color:#2ca5e0}.elementor-social-icon-thumb-tack{background-color:#1aa1d8}.elementor-social-icon-tripadvisor{background-color:#589442}.elementor-social-icon-tumblr{background-color:#35465c}.elementor-social-icon-twitch{background-color:#6441a5}.elementor-social-icon-twitter{background-color:#1da1f2}.elementor-social-icon-viber{background-color:#665cac}.elementor-social-icon-vimeo{background-color:#1ab7ea}.elementor-social-icon-vk{background-color:#45668e}.elementor-social-icon-weibo{background-color:#dd2430}.elementor-social-icon-weixin{background-color:#31a918}.elementor-social-icon-whatsapp{background-color:#25d366}.elementor-social-icon-wordpress{background-color:#21759b}.elementor-social-icon-xing{background-color:#026466}.elementor-social-icon-yelp{background-color:#af0606}.elementor-social-icon-youtube{background-color:#cd201f}.elementor-social-icon-500px{background-color:#0099e5}.elementor-shape-rounded .elementor-icon.elementor-social-icon{border-radius:10%}.elementor-shape-circle .elementor-icon.elementor-social-icon{border-radius:50%}<\/style>\t\t<div class=\"elementor-social-icons-wrapper elementor-grid\">\n\t\t\t\t\t\t\t<span class=\"elementor-grid-item\">\n\t\t\t\t\t<a class=\"elementor-icon elementor-social-icon elementor-social-icon-instagram elementor-repeater-item-44ed38c\" href=\"https:\/\/www.instagram.com\/ferhevtor\" target=\"_blank\">\n\t\t\t\t\t\t<span class=\"elementor-screen-only\">Instagram<\/span>\n\t\t\t\t\t\t<i class=\"fab fa-instagram\"><\/i>\t\t\t\t\t<\/a>\n\t\t\t\t<\/span>\n\t\t\t\t\t\t\t<span class=\"elementor-grid-item\">\n\t\t\t\t\t<a class=\"elementor-icon elementor-social-icon elementor-social-icon-facebook elementor-repeater-item-efb8e0d\" href=\"https:\/\/www.facebook.com\/profile.php?id=100091626354388\" target=\"_blank\">\n\t\t\t\t\t\t<span class=\"elementor-screen-only\">Facebook<\/span>\n\t\t\t\t\t\t<i class=\"fab fa-facebook\"><\/i>\t\t\t\t\t<\/a>\n\t\t\t\t<\/span>\n\t\t\t\t\t\t\t<span class=\"elementor-grid-item\">\n\t\t\t\t\t<a class=\"elementor-icon elementor-social-icon elementor-social-icon-youtube elementor-repeater-item-225409d\" href=\"https:\/\/youtube.com\/playlist?list=PLorIh-i-soRQZzhZ7QP7IW91gjVhzEbb2&#038;si=ZMxHBn2y-Gl-KESe\" target=\"_blank\">\n\t\t\t\t\t\t<span class=\"elementor-screen-only\">Youtube<\/span>\n\t\t\t\t\t\t<i class=\"fab fa-youtube\"><\/i>\t\t\t\t\t<\/a>\n\t\t\t\t<\/span>\n\t\t\t\t\t<\/div>\n\t\t\t\t<\/div>\n\t\t\t\t<\/div>\n\t\t\t\t\t<\/div>\n\t\t<\/div>\n\t\t\t\t\t\t\t<\/div>\n\t\t<\/section>\n\t\t\t\t<div class=\"elementor-element elementor-element-9df8b0d elementor-widget elementor-widget-image\" data-id=\"9df8b0d\" data-element_type=\"widget\" data-widget_type=\"image.default\">\n\t\t\t\t<div class=\"elementor-widget-container\">\n\t\t\t<style>\/*! elementor - v3.13.2 - 11-05-2023 *\/\n.elementor-widget-image{text-align:center}.elementor-widget-image a{display:inline-block}.elementor-widget-image a img[src$=\".svg\"]{width:48px}.elementor-widget-image img{vertical-align:middle;display:inline-block}<\/style>\t\t\t\t\t\t\t\t\t\t\t\t<img loading=\"lazy\" decoding=\"async\" width=\"300\" height=\"196\" src=\"https:\/\/elgatoquetodolosabe.com\/wp-content\/uploads\/2024\/07\/Banner-Genrico-307386-e1720805308642-300x196.jpg\" class=\"attachment-medium size-medium wp-image-343\" alt=\"\" srcset=\"https:\/\/elgatoquetodolosabe.com\/wp-content\/uploads\/2024\/07\/Banner-Genrico-307386-e1720805308642-300x196.jpg 300w, https:\/\/elgatoquetodolosabe.com\/wp-content\/uploads\/2024\/07\/Banner-Genrico-307386-e1720805308642-1024x669.jpg 1024w, https:\/\/elgatoquetodolosabe.com\/wp-content\/uploads\/2024\/07\/Banner-Genrico-307386-e1720805308642-768x502.jpg 768w, https:\/\/elgatoquetodolosabe.com\/wp-content\/uploads\/2024\/07\/Banner-Genrico-307386-e1720805308642.jpg 1537w\" sizes=\"auto, (max-width: 300px) 100vw, 300px\" \/>\t\t\t\t\t\t\t\t\t\t\t\t\t\t\t<\/div>\n\t\t\t\t<\/div>\n\t\t\t\t\t<\/div>\n\t\t<\/div>\n\t\t\t\t\t\t\t<\/div>\n\t\t<\/section>\n\t\t\t\t\t\t\t<\/div>\n\t\t","protected":false},"excerpt":{"rendered":"<p>Prensa El autor La inspiraci\u00f3n Hazte con el libro Instagram Facebook Youtube<\/p>\n","protected":false},"author":1,"featured_media":0,"parent":0,"menu_order":0,"comment_status":"closed","ping_status":"closed","template":"","meta":{"footnotes":""},"class_list":["post-123","page","type-page","status-publish","hentry"],"yoast_head":"<!-- This site is optimized with the Yoast SEO plugin v23.0 - https:\/\/yoast.com\/wordpress\/plugins\/seo\/ -->\n<title>Home - El gato que todo lo sabe<\/title>\n<meta name=\"description\" content=\"Todo tiene un porqu\u00e9. F\u00edjate en las se\u00f1ales. Encuentra el patr\u00f3n.\" \/>\n<meta name=\"robots\" content=\"index, follow, max-snippet:-1, max-image-preview:large, max-video-preview:-1\" \/>\n<link rel=\"canonical\" href=\"https:\/\/elgatoquetodolosabe.com\/\" \/>\n<meta property=\"og:locale\" content=\"es_ES\" \/>\n<meta property=\"og:type\" content=\"article\" \/>\n<meta property=\"og:title\" content=\"Home - El gato que todo lo sabe\" \/>\n<meta property=\"og:description\" content=\"Todo tiene un porqu\u00e9. F\u00edjate en las se\u00f1ales. Encuentra el patr\u00f3n.\" \/>\n<meta property=\"og:url\" content=\"https:\/\/elgatoquetodolosabe.com\/\" \/>\n<meta property=\"og:site_name\" content=\"El gato que todo lo sabe\" \/>\n<meta property=\"article:publisher\" content=\"https:\/\/www.facebook.com\/profile.php?id=100091626354388\" \/>\n<meta property=\"article:modified_time\" content=\"2024-07-24T06:35:00+00:00\" \/>\n<meta property=\"og:image\" content=\"https:\/\/elgatoquetodolosabe.com\/wp-content\/uploads\/2024\/07\/Banner-Genrico-307386-e1720805308642-300x196.jpg\" \/>\n<meta name=\"twitter:card\" content=\"summary_large_image\" \/>\n<meta name=\"twitter:site\" content=\"@ferheviatorres\" \/>\n<meta name=\"twitter:label1\" content=\"Tiempo de lectura\" \/>\n\t<meta name=\"twitter:data1\" content=\"1 minuto\" \/>\n<script type=\"application\/ld+json\" class=\"yoast-schema-graph\">{\"@context\":\"https:\/\/schema.org\",\"@graph\":[{\"@type\":\"WebPage\",\"@id\":\"https:\/\/elgatoquetodolosabe.com\/\",\"url\":\"https:\/\/elgatoquetodolosabe.com\/\",\"name\":\"Home - El gato que todo lo sabe\",\"isPartOf\":{\"@id\":\"https:\/\/elgatoquetodolosabe.com\/#website\"},\"primaryImageOfPage\":{\"@id\":\"https:\/\/elgatoquetodolosabe.com\/#primaryimage\"},\"image\":{\"@id\":\"https:\/\/elgatoquetodolosabe.com\/#primaryimage\"},\"thumbnailUrl\":\"https:\/\/elgatoquetodolosabe.com\/wp-content\/uploads\/2024\/07\/Banner-Genrico-307386-e1720805308642-300x196.jpg\",\"datePublished\":\"2023-05-14T18:30:38+00:00\",\"dateModified\":\"2024-07-24T06:35:00+00:00\",\"description\":\"Todo tiene un porqu\u00e9. F\u00edjate en las se\u00f1ales. Encuentra el patr\u00f3n.\",\"breadcrumb\":{\"@id\":\"https:\/\/elgatoquetodolosabe.com\/#breadcrumb\"},\"inLanguage\":\"es\",\"potentialAction\":[{\"@type\":\"ReadAction\",\"target\":[\"https:\/\/elgatoquetodolosabe.com\/\"]}]},{\"@type\":\"ImageObject\",\"inLanguage\":\"es\",\"@id\":\"https:\/\/elgatoquetodolosabe.com\/#primaryimage\",\"url\":\"https:\/\/elgatoquetodolosabe.com\/wp-content\/uploads\/2024\/07\/Banner-Genrico-307386-e1720805308642.jpg\",\"contentUrl\":\"https:\/\/elgatoquetodolosabe.com\/wp-content\/uploads\/2024\/07\/Banner-Genrico-307386-e1720805308642.jpg\",\"width\":1537,\"height\":1004},{\"@type\":\"BreadcrumbList\",\"@id\":\"https:\/\/elgatoquetodolosabe.com\/#breadcrumb\",\"itemListElement\":[{\"@type\":\"ListItem\",\"position\":1,\"name\":\"Portada\",\"item\":\"https:\/\/elgatoquetodolosabe.com\/\"},{\"@type\":\"ListItem\",\"position\":2,\"name\":\"Home\"}]},{\"@type\":\"WebSite\",\"@id\":\"https:\/\/elgatoquetodolosabe.com\/#website\",\"url\":\"https:\/\/elgatoquetodolosabe.com\/\",\"name\":\"El gato que todo lo sabe\",\"description\":\"\",\"publisher\":{\"@id\":\"https:\/\/elgatoquetodolosabe.com\/#organization\"},\"potentialAction\":[{\"@type\":\"SearchAction\",\"target\":{\"@type\":\"EntryPoint\",\"urlTemplate\":\"https:\/\/elgatoquetodolosabe.com\/?s={search_term_string}\"},\"query-input\":\"required name=search_term_string\"}],\"inLanguage\":\"es\"},{\"@type\":\"Organization\",\"@id\":\"https:\/\/elgatoquetodolosabe.com\/#organization\",\"name\":\"El gato que todo lo sabe\",\"url\":\"https:\/\/elgatoquetodolosabe.com\/\",\"logo\":{\"@type\":\"ImageObject\",\"inLanguage\":\"es\",\"@id\":\"https:\/\/elgatoquetodolosabe.com\/#\/schema\/logo\/image\/\",\"url\":\"https:\/\/elgatoquetodolosabe.com\/wp-content\/uploads\/2023\/05\/Roll-upCaligrama-92541-1-scaled-e1720799734421.jpg\",\"contentUrl\":\"https:\/\/elgatoquetodolosabe.com\/wp-content\/uploads\/2023\/05\/Roll-upCaligrama-92541-1-scaled-e1720799734421.jpg\",\"width\":1061,\"height\":1591,\"caption\":\"El gato que todo lo sabe\"},\"image\":{\"@id\":\"https:\/\/elgatoquetodolosabe.com\/#\/schema\/logo\/image\/\"},\"sameAs\":[\"https:\/\/www.facebook.com\/profile.php?id=100091626354388\",\"https:\/\/x.com\/ferheviatorres\",\"https:\/\/www.instagram.com\/ferhevtor\/\"]}]}<\/script>\n<!-- \/ Yoast SEO plugin. -->","yoast_head_json":{"title":"Home - El gato que todo lo sabe","description":"Todo tiene un porqu\u00e9. F\u00edjate en las se\u00f1ales. Encuentra el patr\u00f3n.","robots":{"index":"index","follow":"follow","max-snippet":"max-snippet:-1","max-image-preview":"max-image-preview:large","max-video-preview":"max-video-preview:-1"},"canonical":"https:\/\/elgatoquetodolosabe.com\/","og_locale":"es_ES","og_type":"article","og_title":"Home - El gato que todo lo sabe","og_description":"Todo tiene un porqu\u00e9. F\u00edjate en las se\u00f1ales. Encuentra el patr\u00f3n.","og_url":"https:\/\/elgatoquetodolosabe.com\/","og_site_name":"El gato que todo lo sabe","article_publisher":"https:\/\/www.facebook.com\/profile.php?id=100091626354388","article_modified_time":"2024-07-24T06:35:00+00:00","og_image":[{"url":"https:\/\/elgatoquetodolosabe.com\/wp-content\/uploads\/2024\/07\/Banner-Genrico-307386-e1720805308642-300x196.jpg"}],"twitter_card":"summary_large_image","twitter_site":"@ferheviatorres","twitter_misc":{"Tiempo de lectura":"1 minuto"},"schema":{"@context":"https:\/\/schema.org","@graph":[{"@type":"WebPage","@id":"https:\/\/elgatoquetodolosabe.com\/","url":"https:\/\/elgatoquetodolosabe.com\/","name":"Home - El gato que todo lo sabe","isPartOf":{"@id":"https:\/\/elgatoquetodolosabe.com\/#website"},"primaryImageOfPage":{"@id":"https:\/\/elgatoquetodolosabe.com\/#primaryimage"},"image":{"@id":"https:\/\/elgatoquetodolosabe.com\/#primaryimage"},"thumbnailUrl":"https:\/\/elgatoquetodolosabe.com\/wp-content\/uploads\/2024\/07\/Banner-Genrico-307386-e1720805308642-300x196.jpg","datePublished":"2023-05-14T18:30:38+00:00","dateModified":"2024-07-24T06:35:00+00:00","description":"Todo tiene un porqu\u00e9. F\u00edjate en las se\u00f1ales. Encuentra el patr\u00f3n.","breadcrumb":{"@id":"https:\/\/elgatoquetodolosabe.com\/#breadcrumb"},"inLanguage":"es","potentialAction":[{"@type":"ReadAction","target":["https:\/\/elgatoquetodolosabe.com\/"]}]},{"@type":"ImageObject","inLanguage":"es","@id":"https:\/\/elgatoquetodolosabe.com\/#primaryimage","url":"https:\/\/elgatoquetodolosabe.com\/wp-content\/uploads\/2024\/07\/Banner-Genrico-307386-e1720805308642.jpg","contentUrl":"https:\/\/elgatoquetodolosabe.com\/wp-content\/uploads\/2024\/07\/Banner-Genrico-307386-e1720805308642.jpg","width":1537,"height":1004},{"@type":"BreadcrumbList","@id":"https:\/\/elgatoquetodolosabe.com\/#breadcrumb","itemListElement":[{"@type":"ListItem","position":1,"name":"Portada","item":"https:\/\/elgatoquetodolosabe.com\/"},{"@type":"ListItem","position":2,"name":"Home"}]},{"@type":"WebSite","@id":"https:\/\/elgatoquetodolosabe.com\/#website","url":"https:\/\/elgatoquetodolosabe.com\/","name":"El gato que todo lo sabe","description":"","publisher":{"@id":"https:\/\/elgatoquetodolosabe.com\/#organization"},"potentialAction":[{"@type":"SearchAction","target":{"@type":"EntryPoint","urlTemplate":"https:\/\/elgatoquetodolosabe.com\/?s={search_term_string}"},"query-input":"required name=search_term_string"}],"inLanguage":"es"},{"@type":"Organization","@id":"https:\/\/elgatoquetodolosabe.com\/#organization","name":"El gato que todo lo sabe","url":"https:\/\/elgatoquetodolosabe.com\/","logo":{"@type":"ImageObject","inLanguage":"es","@id":"https:\/\/elgatoquetodolosabe.com\/#\/schema\/logo\/image\/","url":"https:\/\/elgatoquetodolosabe.com\/wp-content\/uploads\/2023\/05\/Roll-upCaligrama-92541-1-scaled-e1720799734421.jpg","contentUrl":"https:\/\/elgatoquetodolosabe.com\/wp-content\/uploads\/2023\/05\/Roll-upCaligrama-92541-1-scaled-e1720799734421.jpg","width":1061,"height":1591,"caption":"El gato que todo lo sabe"},"image":{"@id":"https:\/\/elgatoquetodolosabe.com\/#\/schema\/logo\/image\/"},"sameAs":["https:\/\/www.facebook.com\/profile.php?id=100091626354388","https:\/\/x.com\/ferheviatorres","https:\/\/www.instagram.com\/ferhevtor\/"]}]}},"_links":{"self":[{"href":"https:\/\/elgatoquetodolosabe.com\/index.php\/wp-json\/wp\/v2\/pages\/123","targetHints":{"allow":["GET"]}}],"collection":[{"href":"https:\/\/elgatoquetodolosabe.com\/index.php\/wp-json\/wp\/v2\/pages"}],"about":[{"href":"https:\/\/elgatoquetodolosabe.com\/index.php\/wp-json\/wp\/v2\/types\/page"}],"author":[{"embeddable":true,"href":"https:\/\/elgatoquetodolosabe.com\/index.php\/wp-json\/wp\/v2\/users\/1"}],"replies":[{"embeddable":true,"href":"https:\/\/elgatoquetodolosabe.com\/index.php\/wp-json\/wp\/v2\/comments?post=123"}],"version-history":[{"count":157,"href":"https:\/\/elgatoquetodolosabe.com\/index.php\/wp-json\/wp\/v2\/pages\/123\/revisions"}],"predecessor-version":[{"id":490,"href":"https:\/\/elgatoquetodolosabe.com\/index.php\/wp-json\/wp\/v2\/pages\/123\/revisions\/490"}],"wp:attachment":[{"href":"https:\/\/elgatoquetodolosabe.com\/index.php\/wp-json\/wp\/v2\/media?parent=123"}],"curies":[{"name":"wp","href":"https:\/\/api.w.org\/{rel}","templated":true}]}}