{"id":322,"date":"2024-07-12T16:59:52","date_gmt":"2024-07-12T16:59:52","guid":{"rendered":"https:\/\/elgatoquetodolosabe.com\/?page_id=322"},"modified":"2024-11-03T17:31:23","modified_gmt":"2024-11-03T17:31:23","slug":"prensa","status":"publish","type":"page","link":"https:\/\/elgatoquetodolosabe.com\/index.php\/home-el-gato-que-todo-lo-sabe\/prensa\/","title":{"rendered":"Prensa"},"content":{"rendered":"\t\t<div data-elementor-type=\"wp-page\" data-elementor-id=\"322\" class=\"elementor elementor-322\">\n\t\t\t\t\t\t\t\t\t<section class=\"elementor-section elementor-top-section elementor-element elementor-element-7fe577f elementor-section-boxed elementor-section-height-default elementor-section-height-default\" data-id=\"7fe577f\" data-element_type=\"section\" data-settings=\"{&quot;background_background&quot;:&quot;classic&quot;}\">\n\t\t\t\t\t\t<div class=\"elementor-container elementor-column-gap-default\">\n\t\t\t\t\t<div class=\"elementor-column elementor-col-100 elementor-top-column elementor-element elementor-element-f73af9f\" data-id=\"f73af9f\" data-element_type=\"column\">\n\t\t\t<div class=\"elementor-widget-wrap elementor-element-populated\">\n\t\t\t\t\t\t\t\t<div class=\"elementor-element elementor-element-2b0fc40 elementor-align-center elementor-widget elementor-widget-button\" data-id=\"2b0fc40\" data-element_type=\"widget\" data-widget_type=\"button.default\">\n\t\t\t\t<div class=\"elementor-widget-container\">\n\t\t\t\t\t<div class=\"elementor-button-wrapper\">\n\t\t\t<a href=\"https:\/\/elgatoquetodolosabe.com\/index.php\/home-el-gato-que-todo-lo-sabe\/prensa\/entrevista-lne\/\" class=\"elementor-button-link elementor-button elementor-size-sm\" role=\"button\">\n\t\t\t\t\t\t<span class=\"elementor-button-content-wrapper\">\n\t\t\t\t\t\t<span class=\"elementor-button-text\">Entrevista La Nueva Espa\u00f1a<\/span>\n\t\t<\/span>\n\t\t\t\t\t<\/a>\n\t\t<\/div>\n\t\t\t\t<\/div>\n\t\t\t\t<\/div>\n\t\t\t\t<div class=\"elementor-element elementor-element-1ba5653 elementor-align-center elementor-widget elementor-widget-button\" data-id=\"1ba5653\" data-element_type=\"widget\" data-widget_type=\"button.default\">\n\t\t\t\t<div class=\"elementor-widget-container\">\n\t\t\t\t\t<div class=\"elementor-button-wrapper\">\n\t\t\t<a href=\"https:\/\/youtu.be\/GG1oIuV-amM?si=D2BqWYtMATOQ-LMR\" class=\"elementor-button-link elementor-button elementor-size-sm\" role=\"button\">\n\t\t\t\t\t\t<span class=\"elementor-button-content-wrapper\">\n\t\t\t\t\t\t<span class=\"elementor-button-text\">Entrevista en Publishers Magazine<\/span>\n\t\t<\/span>\n\t\t\t\t\t<\/a>\n\t\t<\/div>\n\t\t\t\t<\/div>\n\t\t\t\t<\/div>\n\t\t\t\t<div class=\"elementor-element elementor-element-cc563e0 elementor-align-center elementor-widget elementor-widget-button\" data-id=\"cc563e0\" data-element_type=\"widget\" data-widget_type=\"button.default\">\n\t\t\t\t<div class=\"elementor-widget-container\">\n\t\t\t\t\t<div class=\"elementor-button-wrapper\">\n\t\t\t<a href=\"https:\/\/youtu.be\/gB8-Dj8JKfE?si=jcoWd8OYMRMJCu6j\" class=\"elementor-button-link elementor-button elementor-size-sm\" role=\"button\">\n\t\t\t\t\t\t<span class=\"elementor-button-content-wrapper\">\n\t\t\t\t\t\t<span class=\"elementor-button-text\">Booktrailer<\/span>\n\t\t<\/span>\n\t\t\t\t\t<\/a>\n\t\t<\/div>\n\t\t\t\t<\/div>\n\t\t\t\t<\/div>\n\t\t\t\t<div class=\"elementor-element elementor-element-cf4b72c elementor-align-center elementor-widget elementor-widget-button\" data-id=\"cf4b72c\" data-element_type=\"widget\" data-widget_type=\"button.default\">\n\t\t\t\t<div class=\"elementor-widget-container\">\n\t\t\t\t\t<div class=\"elementor-button-wrapper\">\n\t\t\t<a href=\"https:\/\/www.caligramaeditorial.com\/entrevista\/Fernando-Hevia-autor-de-El-gato-que-todo-lo-sabe\" class=\"elementor-button-link elementor-button elementor-size-sm\" role=\"button\">\n\t\t\t\t\t\t<span class=\"elementor-button-content-wrapper\">\n\t\t\t\t\t\t<span class=\"elementor-button-text\">Entrevista en Editorial Caligrama<\/span>\n\t\t<\/span>\n\t\t\t\t\t<\/a>\n\t\t<\/div>\n\t\t\t\t<\/div>\n\t\t\t\t<\/div>\n\t\t\t\t\t<\/div>\n\t\t<\/div>\n\t\t\t\t\t\t\t<\/div>\n\t\t<\/section>\n\t\t\t\t<section class=\"elementor-section elementor-top-section elementor-element elementor-element-fddbb8a elementor-section-boxed elementor-section-height-default elementor-section-height-default\" data-id=\"fddbb8a\" data-element_type=\"section\" data-settings=\"{&quot;background_background&quot;:&quot;classic&quot;}\">\n\t\t\t\t\t\t<div class=\"elementor-container elementor-column-gap-default\">\n\t\t\t\t\t<div class=\"elementor-column elementor-col-100 elementor-top-column elementor-element elementor-element-2a7c1d0\" data-id=\"2a7c1d0\" data-element_type=\"column\">\n\t\t\t<div class=\"elementor-widget-wrap elementor-element-populated\">\n\t\t\t\t\t\t\t\t<div class=\"elementor-element elementor-element-19da203 elementor-align-center elementor-widget elementor-widget-button\" data-id=\"19da203\" data-element_type=\"widget\" data-widget_type=\"button.default\">\n\t\t\t\t<div class=\"elementor-widget-container\">\n\t\t\t\t\t<div class=\"elementor-button-wrapper\">\n\t\t\t<a href=\"https:\/\/www.diariosigloxxi.com\/texto-diario\/mostrar\/4938642\/editorial-caligrama-presenta-debut-fernando-hevia-apasionante-drama-familiar-gato-todo-sabe\" class=\"elementor-button-link elementor-button elementor-size-sm\" role=\"button\">\n\t\t\t\t\t\t<span class=\"elementor-button-content-wrapper\">\n\t\t\t\t\t\t<span class=\"elementor-button-text\">Rese\u00f1a Diario Siglo XXI<\/span>\n\t\t<\/span>\n\t\t\t\t\t<\/a>\n\t\t<\/div>\n\t\t\t\t<\/div>\n\t\t\t\t<\/div>\n\t\t\t\t\t<\/div>\n\t\t<\/div>\n\t\t\t\t\t\t\t<\/div>\n\t\t<\/section>\n\t\t\t\t<section class=\"elementor-section elementor-top-section elementor-element elementor-element-eba3e26 elementor-section-boxed elementor-section-height-default elementor-section-height-default\" data-id=\"eba3e26\" data-element_type=\"section\" data-settings=\"{&quot;background_background&quot;:&quot;classic&quot;}\">\n\t\t\t\t\t\t<div class=\"elementor-container elementor-column-gap-default\">\n\t\t\t\t\t<div class=\"elementor-column elementor-col-100 elementor-top-column elementor-element elementor-element-6a820f9\" data-id=\"6a820f9\" data-element_type=\"column\">\n\t\t\t<div class=\"elementor-widget-wrap elementor-element-populated\">\n\t\t\t\t\t\t\t\t<div class=\"elementor-element elementor-element-fb6d1c0 elementor-align-center elementor-widget elementor-widget-button\" data-id=\"fb6d1c0\" data-element_type=\"widget\" data-widget_type=\"button.default\">\n\t\t\t\t<div class=\"elementor-widget-container\">\n\t\t\t\t\t<div class=\"elementor-button-wrapper\">\n\t\t\t<a href=\"https:\/\/www.lne.es\/aviles\/2024\/10\/30\/hevia-presenta-gato-110851853.html\" class=\"elementor-button-link elementor-button elementor-size-sm\" role=\"button\">\n\t\t\t\t\t\t<span class=\"elementor-button-content-wrapper\">\n\t\t\t\t\t\t<span class=\"elementor-button-text\">Art\u00edculo en La Nueva Espa\u00f1a<\/span>\n\t\t<\/span>\n\t\t\t\t\t<\/a>\n\t\t<\/div>\n\t\t\t\t<\/div>\n\t\t\t\t<\/div>\n\t\t\t\t\t<\/div>\n\t\t<\/div>\n\t\t\t\t\t\t\t<\/div>\n\t\t<\/section>\n\t\t\t\t<section class=\"elementor-section elementor-top-section elementor-element elementor-element-8147d8f elementor-section-boxed elementor-section-height-default elementor-section-height-default\" data-id=\"8147d8f\" data-element_type=\"section\" data-settings=\"{&quot;background_background&quot;:&quot;classic&quot;}\">\n\t\t\t\t\t\t<div class=\"elementor-container elementor-column-gap-default\">\n\t\t\t\t\t<div class=\"elementor-column elementor-col-100 elementor-top-column elementor-element elementor-element-b8b533f\" data-id=\"b8b533f\" data-element_type=\"column\">\n\t\t\t<div class=\"elementor-widget-wrap elementor-element-populated\">\n\t\t\t\t\t\t\t\t<div class=\"elementor-element elementor-element-22cd6d0 elementor-align-center elementor-widget elementor-widget-button\" data-id=\"22cd6d0\" data-element_type=\"widget\" data-widget_type=\"button.default\">\n\t\t\t\t<div class=\"elementor-widget-container\">\n\t\t\t\t\t<div class=\"elementor-button-wrapper\">\n\t\t\t<a href=\"https:\/\/windar-renovables.com\/fernando-hevia-torres-primer-trabajador-de-windar-renovables-en-escribir-su-propio-libro\/\" class=\"elementor-button-link elementor-button elementor-size-sm\" role=\"button\">\n\t\t\t\t\t\t<span class=\"elementor-button-content-wrapper\">\n\t\t\t\t\t\t<span class=\"elementor-button-text\">Art\u00edculo en Windar Renovables<\/span>\n\t\t<\/span>\n\t\t\t\t\t<\/a>\n\t\t<\/div>\n\t\t\t\t<\/div>\n\t\t\t\t<\/div>\n\t\t\t\t\t<\/div>\n\t\t<\/div>\n\t\t\t\t\t\t\t<\/div>\n\t\t<\/section>\n\t\t\t\t\t\t\t<\/div>\n\t\t","protected":false},"excerpt":{"rendered":"<p>Entrevista La Nueva Espa\u00f1a Entrevista en Publishers Magazine Booktrailer Entrevista en Editorial Caligrama Rese\u00f1a Diario Siglo XXI Art\u00edculo en La Nueva Espa\u00f1a Art\u00edculo en Windar Renovables<\/p>\n","protected":false},"author":1,"featured_media":0,"parent":123,"menu_order":-1,"comment_status":"closed","ping_status":"closed","template":"","meta":{"footnotes":""},"class_list":["post-322","page","type-page","status-publish","hentry"],"yoast_head":"<!-- This site is optimized with the Yoast SEO plugin v23.0 - https:\/\/yoast.com\/wordpress\/plugins\/seo\/ -->\n<title>Prensa - El gato que todo lo sabe<\/title>\n<meta name=\"robots\" content=\"index, follow, max-snippet:-1, max-image-preview:large, max-video-preview:-1\" \/>\n<link rel=\"canonical\" href=\"https:\/\/elgatoquetodolosabe.com\/index.php\/home-el-gato-que-todo-lo-sabe\/prensa\/\" \/>\n<meta property=\"og:locale\" content=\"es_ES\" \/>\n<meta property=\"og:type\" content=\"article\" \/>\n<meta property=\"og:title\" content=\"Prensa - El gato que todo lo sabe\" \/>\n<meta property=\"og:description\" content=\"Entrevista La Nueva Espa\u00f1a Entrevista en Publishers Magazine Booktrailer Entrevista en Editorial Caligrama Rese\u00f1a Diario Siglo XXI Art\u00edculo en La Nueva Espa\u00f1a Art\u00edculo en Windar Renovables\" \/>\n<meta property=\"og:url\" content=\"https:\/\/elgatoquetodolosabe.com\/index.php\/home-el-gato-que-todo-lo-sabe\/prensa\/\" \/>\n<meta property=\"og:site_name\" content=\"El gato que todo lo sabe\" \/>\n<meta property=\"article:publisher\" content=\"https:\/\/www.facebook.com\/profile.php?id=100091626354388\" \/>\n<meta property=\"article:modified_time\" content=\"2024-11-03T17:31:23+00:00\" \/>\n<meta name=\"twitter:card\" content=\"summary_large_image\" \/>\n<meta name=\"twitter:site\" content=\"@ferheviatorres\" \/>\n<script type=\"application\/ld+json\" class=\"yoast-schema-graph\">{\"@context\":\"https:\/\/schema.org\",\"@graph\":[{\"@type\":\"WebPage\",\"@id\":\"https:\/\/elgatoquetodolosabe.com\/index.php\/home-el-gato-que-todo-lo-sabe\/prensa\/\",\"url\":\"https:\/\/elgatoquetodolosabe.com\/index.php\/home-el-gato-que-todo-lo-sabe\/prensa\/\",\"name\":\"Prensa - El gato que todo lo sabe\",\"isPartOf\":{\"@id\":\"https:\/\/elgatoquetodolosabe.com\/#website\"},\"datePublished\":\"2024-07-12T16:59:52+00:00\",\"dateModified\":\"2024-11-03T17:31:23+00:00\",\"breadcrumb\":{\"@id\":\"https:\/\/elgatoquetodolosabe.com\/index.php\/home-el-gato-que-todo-lo-sabe\/prensa\/#breadcrumb\"},\"inLanguage\":\"es\",\"potentialAction\":[{\"@type\":\"ReadAction\",\"target\":[\"https:\/\/elgatoquetodolosabe.com\/index.php\/home-el-gato-que-todo-lo-sabe\/prensa\/\"]}]},{\"@type\":\"BreadcrumbList\",\"@id\":\"https:\/\/elgatoquetodolosabe.com\/index.php\/home-el-gato-que-todo-lo-sabe\/prensa\/#breadcrumb\",\"itemListElement\":[{\"@type\":\"ListItem\",\"position\":1,\"name\":\"Portada\",\"item\":\"https:\/\/elgatoquetodolosabe.com\/\"},{\"@type\":\"ListItem\",\"position\":2,\"name\":\"Home\",\"item\":\"https:\/\/elgatoquetodolosabe.com\/\"},{\"@type\":\"ListItem\",\"position\":3,\"name\":\"Prensa\"}]},{\"@type\":\"WebSite\",\"@id\":\"https:\/\/elgatoquetodolosabe.com\/#website\",\"url\":\"https:\/\/elgatoquetodolosabe.com\/\",\"name\":\"El gato que todo lo sabe\",\"description\":\"\",\"publisher\":{\"@id\":\"https:\/\/elgatoquetodolosabe.com\/#organization\"},\"potentialAction\":[{\"@type\":\"SearchAction\",\"target\":{\"@type\":\"EntryPoint\",\"urlTemplate\":\"https:\/\/elgatoquetodolosabe.com\/?s={search_term_string}\"},\"query-input\":\"required name=search_term_string\"}],\"inLanguage\":\"es\"},{\"@type\":\"Organization\",\"@id\":\"https:\/\/elgatoquetodolosabe.com\/#organization\",\"name\":\"El gato que todo lo sabe\",\"url\":\"https:\/\/elgatoquetodolosabe.com\/\",\"logo\":{\"@type\":\"ImageObject\",\"inLanguage\":\"es\",\"@id\":\"https:\/\/elgatoquetodolosabe.com\/#\/schema\/logo\/image\/\",\"url\":\"https:\/\/elgatoquetodolosabe.com\/wp-content\/uploads\/2023\/05\/Roll-upCaligrama-92541-1-scaled-e1720799734421.jpg\",\"contentUrl\":\"https:\/\/elgatoquetodolosabe.com\/wp-content\/uploads\/2023\/05\/Roll-upCaligrama-92541-1-scaled-e1720799734421.jpg\",\"width\":1061,\"height\":1591,\"caption\":\"El gato que todo lo sabe\"},\"image\":{\"@id\":\"https:\/\/elgatoquetodolosabe.com\/#\/schema\/logo\/image\/\"},\"sameAs\":[\"https:\/\/www.facebook.com\/profile.php?id=100091626354388\",\"https:\/\/x.com\/ferheviatorres\",\"https:\/\/www.instagram.com\/ferhevtor\/\"]}]}<\/script>\n<!-- \/ Yoast SEO plugin. -->","yoast_head_json":{"title":"Prensa - El gato que todo lo sabe","robots":{"index":"index","follow":"follow","max-snippet":"max-snippet:-1","max-image-preview":"max-image-preview:large","max-video-preview":"max-video-preview:-1"},"canonical":"https:\/\/elgatoquetodolosabe.com\/index.php\/home-el-gato-que-todo-lo-sabe\/prensa\/","og_locale":"es_ES","og_type":"article","og_title":"Prensa - El gato que todo lo sabe","og_description":"Entrevista La Nueva Espa\u00f1a Entrevista en Publishers Magazine Booktrailer Entrevista en Editorial Caligrama Rese\u00f1a Diario Siglo XXI Art\u00edculo en La Nueva Espa\u00f1a Art\u00edculo en Windar Renovables","og_url":"https:\/\/elgatoquetodolosabe.com\/index.php\/home-el-gato-que-todo-lo-sabe\/prensa\/","og_site_name":"El gato que todo lo sabe","article_publisher":"https:\/\/www.facebook.com\/profile.php?id=100091626354388","article_modified_time":"2024-11-03T17:31:23+00:00","twitter_card":"summary_large_image","twitter_site":"@ferheviatorres","schema":{"@context":"https:\/\/schema.org","@graph":[{"@type":"WebPage","@id":"https:\/\/elgatoquetodolosabe.com\/index.php\/home-el-gato-que-todo-lo-sabe\/prensa\/","url":"https:\/\/elgatoquetodolosabe.com\/index.php\/home-el-gato-que-todo-lo-sabe\/prensa\/","name":"Prensa - El gato que todo lo sabe","isPartOf":{"@id":"https:\/\/elgatoquetodolosabe.com\/#website"},"datePublished":"2024-07-12T16:59:52+00:00","dateModified":"2024-11-03T17:31:23+00:00","breadcrumb":{"@id":"https:\/\/elgatoquetodolosabe.com\/index.php\/home-el-gato-que-todo-lo-sabe\/prensa\/#breadcrumb"},"inLanguage":"es","potentialAction":[{"@type":"ReadAction","target":["https:\/\/elgatoquetodolosabe.com\/index.php\/home-el-gato-que-todo-lo-sabe\/prensa\/"]}]},{"@type":"BreadcrumbList","@id":"https:\/\/elgatoquetodolosabe.com\/index.php\/home-el-gato-que-todo-lo-sabe\/prensa\/#breadcrumb","itemListElement":[{"@type":"ListItem","position":1,"name":"Portada","item":"https:\/\/elgatoquetodolosabe.com\/"},{"@type":"ListItem","position":2,"name":"Home","item":"https:\/\/elgatoquetodolosabe.com\/"},{"@type":"ListItem","position":3,"name":"Prensa"}]},{"@type":"WebSite","@id":"https:\/\/elgatoquetodolosabe.com\/#website","url":"https:\/\/elgatoquetodolosabe.com\/","name":"El gato que todo lo sabe","description":"","publisher":{"@id":"https:\/\/elgatoquetodolosabe.com\/#organization"},"potentialAction":[{"@type":"SearchAction","target":{"@type":"EntryPoint","urlTemplate":"https:\/\/elgatoquetodolosabe.com\/?s={search_term_string}"},"query-input":"required name=search_term_string"}],"inLanguage":"es"},{"@type":"Organization","@id":"https:\/\/elgatoquetodolosabe.com\/#organization","name":"El gato que todo lo sabe","url":"https:\/\/elgatoquetodolosabe.com\/","logo":{"@type":"ImageObject","inLanguage":"es","@id":"https:\/\/elgatoquetodolosabe.com\/#\/schema\/logo\/image\/","url":"https:\/\/elgatoquetodolosabe.com\/wp-content\/uploads\/2023\/05\/Roll-upCaligrama-92541-1-scaled-e1720799734421.jpg","contentUrl":"https:\/\/elgatoquetodolosabe.com\/wp-content\/uploads\/2023\/05\/Roll-upCaligrama-92541-1-scaled-e1720799734421.jpg","width":1061,"height":1591,"caption":"El gato que todo lo sabe"},"image":{"@id":"https:\/\/elgatoquetodolosabe.com\/#\/schema\/logo\/image\/"},"sameAs":["https:\/\/www.facebook.com\/profile.php?id=100091626354388","https:\/\/x.com\/ferheviatorres","https:\/\/www.instagram.com\/ferhevtor\/"]}]}},"_links":{"self":[{"href":"https:\/\/elgatoquetodolosabe.com\/index.php\/wp-json\/wp\/v2\/pages\/322","targetHints":{"allow":["GET"]}}],"collection":[{"href":"https:\/\/elgatoquetodolosabe.com\/index.php\/wp-json\/wp\/v2\/pages"}],"about":[{"href":"https:\/\/elgatoquetodolosabe.com\/index.php\/wp-json\/wp\/v2\/types\/page"}],"author":[{"embeddable":true,"href":"https:\/\/elgatoquetodolosabe.com\/index.php\/wp-json\/wp\/v2\/users\/1"}],"replies":[{"embeddable":true,"href":"https:\/\/elgatoquetodolosabe.com\/index.php\/wp-json\/wp\/v2\/comments?post=322"}],"version-history":[{"count":40,"href":"https:\/\/elgatoquetodolosabe.com\/index.php\/wp-json\/wp\/v2\/pages\/322\/revisions"}],"predecessor-version":[{"id":556,"href":"https:\/\/elgatoquetodolosabe.com\/index.php\/wp-json\/wp\/v2\/pages\/322\/revisions\/556"}],"up":[{"embeddable":true,"href":"https:\/\/elgatoquetodolosabe.com\/index.php\/wp-json\/wp\/v2\/pages\/123"}],"wp:attachment":[{"href":"https:\/\/elgatoquetodolosabe.com\/index.php\/wp-json\/wp\/v2\/media?parent=322"}],"curies":[{"name":"wp","href":"https:\/\/api.w.org\/{rel}","templated":true}]}}