{"id":478,"date":"2024-07-24T06:16:47","date_gmt":"2024-07-24T06:16:47","guid":{"rendered":"https:\/\/elgatoquetodolosabe.com\/?page_id=478"},"modified":"2024-07-24T08:16:39","modified_gmt":"2024-07-24T08:16:39","slug":"la-inspiracion","status":"publish","type":"page","link":"https:\/\/elgatoquetodolosabe.com\/index.php\/home-el-gato-que-todo-lo-sabe\/la-inspiracion\/","title":{"rendered":"La inspiraci\u00f3n"},"content":{"rendered":"\t\t<div data-elementor-type=\"wp-page\" data-elementor-id=\"478\" class=\"elementor elementor-478\">\n\t\t\t\t\t\t\t\t\t<section class=\"elementor-section elementor-top-section elementor-element elementor-element-8aff5ab elementor-section-boxed elementor-section-height-default elementor-section-height-default\" data-id=\"8aff5ab\" data-element_type=\"section\" data-settings=\"{&quot;background_background&quot;:&quot;classic&quot;}\">\n\t\t\t\t\t\t<div class=\"elementor-container elementor-column-gap-default\">\n\t\t\t\t\t<div class=\"elementor-column elementor-col-100 elementor-top-column elementor-element elementor-element-c15cfb2\" data-id=\"c15cfb2\" data-element_type=\"column\">\n\t\t\t<div class=\"elementor-widget-wrap elementor-element-populated\">\n\t\t\t\t\t\t\t\t<div class=\"elementor-element elementor-element-fb13606 elementor-widget elementor-widget-text-editor\" data-id=\"fb13606\" data-element_type=\"widget\" data-widget_type=\"text-editor.default\">\n\t\t\t\t<div class=\"elementor-widget-container\">\n\t\t\t<style>\/*! elementor - v3.13.2 - 11-05-2023 *\/\n.elementor-widget-text-editor.elementor-drop-cap-view-stacked .elementor-drop-cap{background-color:#69727d;color:#fff}.elementor-widget-text-editor.elementor-drop-cap-view-framed .elementor-drop-cap{color:#69727d;border:3px solid;background-color:transparent}.elementor-widget-text-editor:not(.elementor-drop-cap-view-default) .elementor-drop-cap{margin-top:8px}.elementor-widget-text-editor:not(.elementor-drop-cap-view-default) .elementor-drop-cap-letter{width:1em;height:1em}.elementor-widget-text-editor .elementor-drop-cap{float:left;text-align:center;line-height:1;font-size:50px}.elementor-widget-text-editor .elementor-drop-cap-letter{display:inline-block}<\/style>\t\t\t\t<p>Toda historia tiene un origen. Casi siempre suele ser una idea, una premisa; pero esa semilla ha de arraigarse en alg\u00fan lugar. En este caso, a la orilla de un r\u00edo, a la vera de un puente.<\/p>\t\t\t\t\t\t<\/div>\n\t\t\t\t<\/div>\n\t\t\t\t\t<\/div>\n\t\t<\/div>\n\t\t\t\t\t\t\t<\/div>\n\t\t<\/section>\n\t\t\t\t<section class=\"elementor-section elementor-top-section elementor-element elementor-element-535e5b2 elementor-section-boxed elementor-section-height-default elementor-section-height-default\" data-id=\"535e5b2\" data-element_type=\"section\" data-settings=\"{&quot;background_background&quot;:&quot;classic&quot;}\">\n\t\t\t\t\t\t<div class=\"elementor-container elementor-column-gap-default\">\n\t\t\t\t\t<div class=\"elementor-column elementor-col-100 elementor-top-column elementor-element elementor-element-268a838\" data-id=\"268a838\" data-element_type=\"column\">\n\t\t\t<div class=\"elementor-widget-wrap elementor-element-populated\">\n\t\t\t\t\t\t\t\t<div class=\"elementor-element elementor-element-fee41cc elementor-widget elementor-widget-image\" data-id=\"fee41cc\" data-element_type=\"widget\" data-widget_type=\"image.default\">\n\t\t\t\t<div class=\"elementor-widget-container\">\n\t\t\t<style>\/*! elementor - v3.13.2 - 11-05-2023 *\/\n.elementor-widget-image{text-align:center}.elementor-widget-image a{display:inline-block}.elementor-widget-image a img[src$=\".svg\"]{width:48px}.elementor-widget-image img{vertical-align:middle;display:inline-block}<\/style>\t\t\t\t\t\t\t\t\t\t\t\t<img loading=\"lazy\" decoding=\"async\" width=\"768\" height=\"1024\" src=\"https:\/\/elgatoquetodolosabe.com\/wp-content\/uploads\/2024\/07\/IMG_20240721_125218-768x1024.jpg\" class=\"attachment-large size-large wp-image-483\" alt=\"\" srcset=\"https:\/\/elgatoquetodolosabe.com\/wp-content\/uploads\/2024\/07\/IMG_20240721_125218-768x1024.jpg 768w, https:\/\/elgatoquetodolosabe.com\/wp-content\/uploads\/2024\/07\/IMG_20240721_125218-225x300.jpg 225w, https:\/\/elgatoquetodolosabe.com\/wp-content\/uploads\/2024\/07\/IMG_20240721_125218-1152x1536.jpg 1152w, https:\/\/elgatoquetodolosabe.com\/wp-content\/uploads\/2024\/07\/IMG_20240721_125218-1536x2048.jpg 1536w, https:\/\/elgatoquetodolosabe.com\/wp-content\/uploads\/2024\/07\/IMG_20240721_125218-scaled.jpg 1920w\" sizes=\"auto, (max-width: 768px) 100vw, 768px\" \/>\t\t\t\t\t\t\t\t\t\t\t\t\t\t\t<\/div>\n\t\t\t\t<\/div>\n\t\t\t\t\t<\/div>\n\t\t<\/div>\n\t\t\t\t\t\t\t<\/div>\n\t\t<\/section>\n\t\t\t\t<section class=\"elementor-section elementor-top-section elementor-element elementor-element-3d63e69 elementor-section-boxed elementor-section-height-default elementor-section-height-default\" data-id=\"3d63e69\" data-element_type=\"section\" data-settings=\"{&quot;background_background&quot;:&quot;classic&quot;}\">\n\t\t\t\t\t\t<div class=\"elementor-container elementor-column-gap-default\">\n\t\t\t\t\t<div class=\"elementor-column elementor-col-100 elementor-top-column elementor-element elementor-element-2f072d4\" data-id=\"2f072d4\" data-element_type=\"column\">\n\t\t\t<div class=\"elementor-widget-wrap elementor-element-populated\">\n\t\t\t\t\t\t\t\t<div class=\"elementor-element elementor-element-c2a7207 elementor-widget elementor-widget-text-editor\" data-id=\"c2a7207\" data-element_type=\"widget\" data-widget_type=\"text-editor.default\">\n\t\t\t\t<div class=\"elementor-widget-container\">\n\t\t\t\t\t\t\t<p>Este el puente de Soto, para los de Muros; en cambio, es el puente de Muros para los de Soto. Se conoce que nadie lo quiere. Para evitar conflictos usaremos su nombre oficial: puente de la Portilla. Aqu\u00ed comienza todo. Descubrir\u00e1s el porqu\u00e9 en el primer cap\u00edtulo, titulado igual que la novela: El gato que todo lo sabe.<\/p><p>Esta historia tiene banda sonora. Se nombran m\u00e1s de veinte temas musicales a lo largo de sus p\u00e1ginas. Todas ellas, y alguna m\u00e1s que he a\u00f1adido por diversas razones, est\u00e1n en el enlace a Youtube que hay en la p\u00e1gina de inicio. Yo recomiendo buscarlas en su formato f\u00edsico, como he hecho yo mientras escrib\u00eda, buceando en mi colecci\u00f3n de CD&#8217;s casi todos comprados en la tienda de mi amigo Manuel, Discos LP. Para este primer cap\u00edtulo tengo la suerte de contar con el disco firmado por su autora, la cantante irlandesa Cathy Jordan, a la que tuve la suerte de poder escuchar en directo interpretando el cl\u00e1sico The Bold Fenian Men. Espero que lo disfrutes.<\/p><p>A continuaci\u00f3n os dejo los enlaces para poder leer el primer cap\u00edtulo, como muestra, y para escuchar la canci\u00f3n en Youtube.<\/p>\t\t\t\t\t\t<\/div>\n\t\t\t\t<\/div>\n\t\t\t\t\t<\/div>\n\t\t<\/div>\n\t\t\t\t\t\t\t<\/div>\n\t\t<\/section>\n\t\t\t\t<section class=\"elementor-section elementor-top-section elementor-element elementor-element-ad0391e elementor-section-boxed elementor-section-height-default elementor-section-height-default\" data-id=\"ad0391e\" data-element_type=\"section\" data-settings=\"{&quot;background_background&quot;:&quot;classic&quot;}\">\n\t\t\t\t\t\t<div class=\"elementor-container elementor-column-gap-default\">\n\t\t\t\t\t<div class=\"elementor-column elementor-col-100 elementor-top-column elementor-element elementor-element-61bd955\" data-id=\"61bd955\" data-element_type=\"column\">\n\t\t\t<div class=\"elementor-widget-wrap elementor-element-populated\">\n\t\t\t\t\t\t\t\t<div class=\"elementor-element elementor-element-dc8736e elementor-align-center elementor-widget elementor-widget-button\" data-id=\"dc8736e\" data-element_type=\"widget\" data-widget_type=\"button.default\">\n\t\t\t\t<div class=\"elementor-widget-container\">\n\t\t\t\t\t<div class=\"elementor-button-wrapper\">\n\t\t\t<a href=\"https:\/\/libros.cc\/El-gato-que-todo-lo-sabe.htm?isbn=9788410266469\" class=\"elementor-button-link elementor-button elementor-size-sm\" role=\"button\">\n\t\t\t\t\t\t<span class=\"elementor-button-content-wrapper\">\n\t\t\t\t\t\t<span class=\"elementor-button-text\">Primer cap\u00edtulo (haz click en Leer muestra)<\/span>\n\t\t<\/span>\n\t\t\t\t\t<\/a>\n\t\t<\/div>\n\t\t\t\t<\/div>\n\t\t\t\t<\/div>\n\t\t\t\t\t<\/div>\n\t\t<\/div>\n\t\t\t\t\t\t\t<\/div>\n\t\t<\/section>\n\t\t\t\t<section class=\"elementor-section elementor-top-section elementor-element elementor-element-12f7c87 elementor-section-boxed elementor-section-height-default elementor-section-height-default\" data-id=\"12f7c87\" data-element_type=\"section\" data-settings=\"{&quot;background_background&quot;:&quot;classic&quot;}\">\n\t\t\t\t\t\t<div class=\"elementor-container elementor-column-gap-default\">\n\t\t\t\t\t<div class=\"elementor-column elementor-col-100 elementor-top-column elementor-element elementor-element-c602f86\" data-id=\"c602f86\" data-element_type=\"column\">\n\t\t\t<div class=\"elementor-widget-wrap elementor-element-populated\">\n\t\t\t\t\t\t\t\t<div class=\"elementor-element elementor-element-babfecc elementor-align-center elementor-widget elementor-widget-button\" data-id=\"babfecc\" data-element_type=\"widget\" data-widget_type=\"button.default\">\n\t\t\t\t<div class=\"elementor-widget-container\">\n\t\t\t\t\t<div class=\"elementor-button-wrapper\">\n\t\t\t<a href=\"https:\/\/youtu.be\/9426FKqBgag?si=DoJe_rPvBt3n7oSA\" class=\"elementor-button-link elementor-button elementor-size-sm\" role=\"button\">\n\t\t\t\t\t\t<span class=\"elementor-button-content-wrapper\">\n\t\t\t\t\t\t<span class=\"elementor-button-text\">The Bold Fenian Men, por Cathy Jordan (Youtube)<\/span>\n\t\t<\/span>\n\t\t\t\t\t<\/a>\n\t\t<\/div>\n\t\t\t\t<\/div>\n\t\t\t\t<\/div>\n\t\t\t\t\t<\/div>\n\t\t<\/div>\n\t\t\t\t\t\t\t<\/div>\n\t\t<\/section>\n\t\t\t\t\t\t\t<\/div>\n\t\t","protected":false},"excerpt":{"rendered":"<p>Toda historia tiene un origen. Casi siempre suele ser una idea, una premisa; pero esa semilla ha de arraigarse en alg\u00fan lugar. En este caso, a la orilla de un r\u00edo, a la vera de un puente. Este el puente de Soto, para los de Muros; en cambio, es el puente de Muros para los [&hellip;]<\/p>\n","protected":false},"author":1,"featured_media":0,"parent":123,"menu_order":-1,"comment_status":"closed","ping_status":"closed","template":"","meta":{"footnotes":""},"class_list":["post-478","page","type-page","status-publish","hentry"],"yoast_head":"<!-- This site is optimized with the Yoast SEO plugin v23.0 - https:\/\/yoast.com\/wordpress\/plugins\/seo\/ -->\n<title>La inspiraci\u00f3n - El gato que todo lo sabe<\/title>\n<meta name=\"robots\" content=\"index, follow, max-snippet:-1, max-image-preview:large, max-video-preview:-1\" \/>\n<link rel=\"canonical\" href=\"https:\/\/elgatoquetodolosabe.com\/index.php\/home-el-gato-que-todo-lo-sabe\/la-inspiracion\/\" \/>\n<meta property=\"og:locale\" content=\"es_ES\" \/>\n<meta property=\"og:type\" content=\"article\" \/>\n<meta property=\"og:title\" content=\"La inspiraci\u00f3n - El gato que todo lo sabe\" \/>\n<meta property=\"og:description\" content=\"Toda historia tiene un origen. Casi siempre suele ser una idea, una premisa; pero esa semilla ha de arraigarse en alg\u00fan lugar. En este caso, a la orilla de un r\u00edo, a la vera de un puente. Este el puente de Soto, para los de Muros; en cambio, es el puente de Muros para los [&hellip;]\" \/>\n<meta property=\"og:url\" content=\"https:\/\/elgatoquetodolosabe.com\/index.php\/home-el-gato-que-todo-lo-sabe\/la-inspiracion\/\" \/>\n<meta property=\"og:site_name\" content=\"El gato que todo lo sabe\" \/>\n<meta property=\"article:publisher\" content=\"https:\/\/www.facebook.com\/profile.php?id=100091626354388\" \/>\n<meta property=\"article:modified_time\" content=\"2024-07-24T08:16:39+00:00\" \/>\n<meta property=\"og:image\" content=\"https:\/\/elgatoquetodolosabe.com\/wp-content\/uploads\/2024\/07\/IMG_20240721_125218-768x1024.jpg\" \/>\n<meta name=\"twitter:card\" content=\"summary_large_image\" \/>\n<meta name=\"twitter:site\" content=\"@ferheviatorres\" \/>\n<meta name=\"twitter:label1\" content=\"Tiempo de lectura\" \/>\n\t<meta name=\"twitter:data1\" content=\"2 minutos\" \/>\n<script type=\"application\/ld+json\" class=\"yoast-schema-graph\">{\"@context\":\"https:\/\/schema.org\",\"@graph\":[{\"@type\":\"WebPage\",\"@id\":\"https:\/\/elgatoquetodolosabe.com\/index.php\/home-el-gato-que-todo-lo-sabe\/la-inspiracion\/\",\"url\":\"https:\/\/elgatoquetodolosabe.com\/index.php\/home-el-gato-que-todo-lo-sabe\/la-inspiracion\/\",\"name\":\"La inspiraci\u00f3n - El gato que todo lo sabe\",\"isPartOf\":{\"@id\":\"https:\/\/elgatoquetodolosabe.com\/#website\"},\"primaryImageOfPage\":{\"@id\":\"https:\/\/elgatoquetodolosabe.com\/index.php\/home-el-gato-que-todo-lo-sabe\/la-inspiracion\/#primaryimage\"},\"image\":{\"@id\":\"https:\/\/elgatoquetodolosabe.com\/index.php\/home-el-gato-que-todo-lo-sabe\/la-inspiracion\/#primaryimage\"},\"thumbnailUrl\":\"https:\/\/elgatoquetodolosabe.com\/wp-content\/uploads\/2024\/07\/IMG_20240721_125218-768x1024.jpg\",\"datePublished\":\"2024-07-24T06:16:47+00:00\",\"dateModified\":\"2024-07-24T08:16:39+00:00\",\"breadcrumb\":{\"@id\":\"https:\/\/elgatoquetodolosabe.com\/index.php\/home-el-gato-que-todo-lo-sabe\/la-inspiracion\/#breadcrumb\"},\"inLanguage\":\"es\",\"potentialAction\":[{\"@type\":\"ReadAction\",\"target\":[\"https:\/\/elgatoquetodolosabe.com\/index.php\/home-el-gato-que-todo-lo-sabe\/la-inspiracion\/\"]}]},{\"@type\":\"ImageObject\",\"inLanguage\":\"es\",\"@id\":\"https:\/\/elgatoquetodolosabe.com\/index.php\/home-el-gato-que-todo-lo-sabe\/la-inspiracion\/#primaryimage\",\"url\":\"https:\/\/elgatoquetodolosabe.com\/wp-content\/uploads\/2024\/07\/IMG_20240721_125218-scaled.jpg\",\"contentUrl\":\"https:\/\/elgatoquetodolosabe.com\/wp-content\/uploads\/2024\/07\/IMG_20240721_125218-scaled.jpg\",\"width\":1920,\"height\":2560},{\"@type\":\"BreadcrumbList\",\"@id\":\"https:\/\/elgatoquetodolosabe.com\/index.php\/home-el-gato-que-todo-lo-sabe\/la-inspiracion\/#breadcrumb\",\"itemListElement\":[{\"@type\":\"ListItem\",\"position\":1,\"name\":\"Portada\",\"item\":\"https:\/\/elgatoquetodolosabe.com\/\"},{\"@type\":\"ListItem\",\"position\":2,\"name\":\"Home\",\"item\":\"https:\/\/elgatoquetodolosabe.com\/\"},{\"@type\":\"ListItem\",\"position\":3,\"name\":\"La inspiraci\u00f3n\"}]},{\"@type\":\"WebSite\",\"@id\":\"https:\/\/elgatoquetodolosabe.com\/#website\",\"url\":\"https:\/\/elgatoquetodolosabe.com\/\",\"name\":\"El gato que todo lo sabe\",\"description\":\"\",\"publisher\":{\"@id\":\"https:\/\/elgatoquetodolosabe.com\/#organization\"},\"potentialAction\":[{\"@type\":\"SearchAction\",\"target\":{\"@type\":\"EntryPoint\",\"urlTemplate\":\"https:\/\/elgatoquetodolosabe.com\/?s={search_term_string}\"},\"query-input\":\"required name=search_term_string\"}],\"inLanguage\":\"es\"},{\"@type\":\"Organization\",\"@id\":\"https:\/\/elgatoquetodolosabe.com\/#organization\",\"name\":\"El gato que todo lo sabe\",\"url\":\"https:\/\/elgatoquetodolosabe.com\/\",\"logo\":{\"@type\":\"ImageObject\",\"inLanguage\":\"es\",\"@id\":\"https:\/\/elgatoquetodolosabe.com\/#\/schema\/logo\/image\/\",\"url\":\"https:\/\/elgatoquetodolosabe.com\/wp-content\/uploads\/2023\/05\/Roll-upCaligrama-92541-1-scaled-e1720799734421.jpg\",\"contentUrl\":\"https:\/\/elgatoquetodolosabe.com\/wp-content\/uploads\/2023\/05\/Roll-upCaligrama-92541-1-scaled-e1720799734421.jpg\",\"width\":1061,\"height\":1591,\"caption\":\"El gato que todo lo sabe\"},\"image\":{\"@id\":\"https:\/\/elgatoquetodolosabe.com\/#\/schema\/logo\/image\/\"},\"sameAs\":[\"https:\/\/www.facebook.com\/profile.php?id=100091626354388\",\"https:\/\/x.com\/ferheviatorres\",\"https:\/\/www.instagram.com\/ferhevtor\/\"]}]}<\/script>\n<!-- \/ Yoast SEO plugin. -->","yoast_head_json":{"title":"La inspiraci\u00f3n - El gato que todo lo sabe","robots":{"index":"index","follow":"follow","max-snippet":"max-snippet:-1","max-image-preview":"max-image-preview:large","max-video-preview":"max-video-preview:-1"},"canonical":"https:\/\/elgatoquetodolosabe.com\/index.php\/home-el-gato-que-todo-lo-sabe\/la-inspiracion\/","og_locale":"es_ES","og_type":"article","og_title":"La inspiraci\u00f3n - El gato que todo lo sabe","og_description":"Toda historia tiene un origen. Casi siempre suele ser una idea, una premisa; pero esa semilla ha de arraigarse en alg\u00fan lugar. En este caso, a la orilla de un r\u00edo, a la vera de un puente. Este el puente de Soto, para los de Muros; en cambio, es el puente de Muros para los [&hellip;]","og_url":"https:\/\/elgatoquetodolosabe.com\/index.php\/home-el-gato-que-todo-lo-sabe\/la-inspiracion\/","og_site_name":"El gato que todo lo sabe","article_publisher":"https:\/\/www.facebook.com\/profile.php?id=100091626354388","article_modified_time":"2024-07-24T08:16:39+00:00","og_image":[{"url":"https:\/\/elgatoquetodolosabe.com\/wp-content\/uploads\/2024\/07\/IMG_20240721_125218-768x1024.jpg"}],"twitter_card":"summary_large_image","twitter_site":"@ferheviatorres","twitter_misc":{"Tiempo de lectura":"2 minutos"},"schema":{"@context":"https:\/\/schema.org","@graph":[{"@type":"WebPage","@id":"https:\/\/elgatoquetodolosabe.com\/index.php\/home-el-gato-que-todo-lo-sabe\/la-inspiracion\/","url":"https:\/\/elgatoquetodolosabe.com\/index.php\/home-el-gato-que-todo-lo-sabe\/la-inspiracion\/","name":"La inspiraci\u00f3n - El gato que todo lo sabe","isPartOf":{"@id":"https:\/\/elgatoquetodolosabe.com\/#website"},"primaryImageOfPage":{"@id":"https:\/\/elgatoquetodolosabe.com\/index.php\/home-el-gato-que-todo-lo-sabe\/la-inspiracion\/#primaryimage"},"image":{"@id":"https:\/\/elgatoquetodolosabe.com\/index.php\/home-el-gato-que-todo-lo-sabe\/la-inspiracion\/#primaryimage"},"thumbnailUrl":"https:\/\/elgatoquetodolosabe.com\/wp-content\/uploads\/2024\/07\/IMG_20240721_125218-768x1024.jpg","datePublished":"2024-07-24T06:16:47+00:00","dateModified":"2024-07-24T08:16:39+00:00","breadcrumb":{"@id":"https:\/\/elgatoquetodolosabe.com\/index.php\/home-el-gato-que-todo-lo-sabe\/la-inspiracion\/#breadcrumb"},"inLanguage":"es","potentialAction":[{"@type":"ReadAction","target":["https:\/\/elgatoquetodolosabe.com\/index.php\/home-el-gato-que-todo-lo-sabe\/la-inspiracion\/"]}]},{"@type":"ImageObject","inLanguage":"es","@id":"https:\/\/elgatoquetodolosabe.com\/index.php\/home-el-gato-que-todo-lo-sabe\/la-inspiracion\/#primaryimage","url":"https:\/\/elgatoquetodolosabe.com\/wp-content\/uploads\/2024\/07\/IMG_20240721_125218-scaled.jpg","contentUrl":"https:\/\/elgatoquetodolosabe.com\/wp-content\/uploads\/2024\/07\/IMG_20240721_125218-scaled.jpg","width":1920,"height":2560},{"@type":"BreadcrumbList","@id":"https:\/\/elgatoquetodolosabe.com\/index.php\/home-el-gato-que-todo-lo-sabe\/la-inspiracion\/#breadcrumb","itemListElement":[{"@type":"ListItem","position":1,"name":"Portada","item":"https:\/\/elgatoquetodolosabe.com\/"},{"@type":"ListItem","position":2,"name":"Home","item":"https:\/\/elgatoquetodolosabe.com\/"},{"@type":"ListItem","position":3,"name":"La inspiraci\u00f3n"}]},{"@type":"WebSite","@id":"https:\/\/elgatoquetodolosabe.com\/#website","url":"https:\/\/elgatoquetodolosabe.com\/","name":"El gato que todo lo sabe","description":"","publisher":{"@id":"https:\/\/elgatoquetodolosabe.com\/#organization"},"potentialAction":[{"@type":"SearchAction","target":{"@type":"EntryPoint","urlTemplate":"https:\/\/elgatoquetodolosabe.com\/?s={search_term_string}"},"query-input":"required name=search_term_string"}],"inLanguage":"es"},{"@type":"Organization","@id":"https:\/\/elgatoquetodolosabe.com\/#organization","name":"El gato que todo lo sabe","url":"https:\/\/elgatoquetodolosabe.com\/","logo":{"@type":"ImageObject","inLanguage":"es","@id":"https:\/\/elgatoquetodolosabe.com\/#\/schema\/logo\/image\/","url":"https:\/\/elgatoquetodolosabe.com\/wp-content\/uploads\/2023\/05\/Roll-upCaligrama-92541-1-scaled-e1720799734421.jpg","contentUrl":"https:\/\/elgatoquetodolosabe.com\/wp-content\/uploads\/2023\/05\/Roll-upCaligrama-92541-1-scaled-e1720799734421.jpg","width":1061,"height":1591,"caption":"El gato que todo lo sabe"},"image":{"@id":"https:\/\/elgatoquetodolosabe.com\/#\/schema\/logo\/image\/"},"sameAs":["https:\/\/www.facebook.com\/profile.php?id=100091626354388","https:\/\/x.com\/ferheviatorres","https:\/\/www.instagram.com\/ferhevtor\/"]}]}},"_links":{"self":[{"href":"https:\/\/elgatoquetodolosabe.com\/index.php\/wp-json\/wp\/v2\/pages\/478","targetHints":{"allow":["GET"]}}],"collection":[{"href":"https:\/\/elgatoquetodolosabe.com\/index.php\/wp-json\/wp\/v2\/pages"}],"about":[{"href":"https:\/\/elgatoquetodolosabe.com\/index.php\/wp-json\/wp\/v2\/types\/page"}],"author":[{"embeddable":true,"href":"https:\/\/elgatoquetodolosabe.com\/index.php\/wp-json\/wp\/v2\/users\/1"}],"replies":[{"embeddable":true,"href":"https:\/\/elgatoquetodolosabe.com\/index.php\/wp-json\/wp\/v2\/comments?post=478"}],"version-history":[{"count":25,"href":"https:\/\/elgatoquetodolosabe.com\/index.php\/wp-json\/wp\/v2\/pages\/478\/revisions"}],"predecessor-version":[{"id":511,"href":"https:\/\/elgatoquetodolosabe.com\/index.php\/wp-json\/wp\/v2\/pages\/478\/revisions\/511"}],"up":[{"embeddable":true,"href":"https:\/\/elgatoquetodolosabe.com\/index.php\/wp-json\/wp\/v2\/pages\/123"}],"wp:attachment":[{"href":"https:\/\/elgatoquetodolosabe.com\/index.php\/wp-json\/wp\/v2\/media?parent=478"}],"curies":[{"name":"wp","href":"https:\/\/api.w.org\/{rel}","templated":true}]}}