{"id":519,"date":"2024-08-05T16:29:41","date_gmt":"2024-08-05T16:29:41","guid":{"rendered":"https:\/\/elgatoquetodolosabe.com\/?page_id=519"},"modified":"2024-08-05T16:35:09","modified_gmt":"2024-08-05T16:35:09","slug":"entrevista-lne","status":"publish","type":"page","link":"https:\/\/elgatoquetodolosabe.com\/index.php\/home-el-gato-que-todo-lo-sabe\/prensa\/entrevista-lne\/","title":{"rendered":"Entrevista LNE"},"content":{"rendered":"\t\t<div data-elementor-type=\"wp-page\" data-elementor-id=\"519\" class=\"elementor elementor-519\">\n\t\t\t\t\t\t\t\t\t<section class=\"elementor-section elementor-top-section elementor-element elementor-element-0b6b9ed elementor-section-boxed elementor-section-height-default elementor-section-height-default\" data-id=\"0b6b9ed\" data-element_type=\"section\" data-settings=\"{&quot;background_background&quot;:&quot;classic&quot;}\">\n\t\t\t\t\t\t<div class=\"elementor-container elementor-column-gap-default\">\n\t\t\t\t\t<div class=\"elementor-column elementor-col-100 elementor-top-column elementor-element elementor-element-a3628de\" data-id=\"a3628de\" data-element_type=\"column\">\n\t\t\t<div class=\"elementor-widget-wrap elementor-element-populated\">\n\t\t\t\t\t\t\t\t<div class=\"elementor-element elementor-element-ccef130 elementor-widget elementor-widget-image\" data-id=\"ccef130\" data-element_type=\"widget\" data-widget_type=\"image.default\">\n\t\t\t\t<div class=\"elementor-widget-container\">\n\t\t\t<style>\/*! elementor - v3.13.2 - 11-05-2023 *\/\n.elementor-widget-image{text-align:center}.elementor-widget-image a{display:inline-block}.elementor-widget-image a img[src$=\".svg\"]{width:48px}.elementor-widget-image img{vertical-align:middle;display:inline-block}<\/style>\t\t\t\t\t\t\t\t\t\t\t\t<img loading=\"lazy\" decoding=\"async\" width=\"663\" height=\"1024\" src=\"https:\/\/elgatoquetodolosabe.com\/wp-content\/uploads\/2024\/08\/1000017589-e1722875538405-663x1024.jpg\" class=\"attachment-large size-large wp-image-521\" alt=\"\" srcset=\"https:\/\/elgatoquetodolosabe.com\/wp-content\/uploads\/2024\/08\/1000017589-e1722875538405-663x1024.jpg 663w, https:\/\/elgatoquetodolosabe.com\/wp-content\/uploads\/2024\/08\/1000017589-e1722875538405-194x300.jpg 194w, https:\/\/elgatoquetodolosabe.com\/wp-content\/uploads\/2024\/08\/1000017589-e1722875538405-768x1186.jpg 768w, https:\/\/elgatoquetodolosabe.com\/wp-content\/uploads\/2024\/08\/1000017589-e1722875538405.jpg 912w\" sizes=\"auto, (max-width: 663px) 100vw, 663px\" \/>\t\t\t\t\t\t\t\t\t\t\t\t\t\t\t<\/div>\n\t\t\t\t<\/div>\n\t\t\t\t\t<\/div>\n\t\t<\/div>\n\t\t\t\t\t\t\t<\/div>\n\t\t<\/section>\n\t\t\t\t<section class=\"elementor-section elementor-top-section elementor-element elementor-element-933ecf4 elementor-section-boxed elementor-section-height-default elementor-section-height-default\" data-id=\"933ecf4\" data-element_type=\"section\" data-settings=\"{&quot;background_background&quot;:&quot;classic&quot;}\">\n\t\t\t\t\t\t<div class=\"elementor-container elementor-column-gap-default\">\n\t\t\t\t\t<div class=\"elementor-column elementor-col-100 elementor-top-column elementor-element elementor-element-bc7f3e7\" data-id=\"bc7f3e7\" data-element_type=\"column\">\n\t\t\t<div class=\"elementor-widget-wrap elementor-element-populated\">\n\t\t\t\t\t\t\t\t<div class=\"elementor-element elementor-element-87a0e67 elementor-widget elementor-widget-image\" data-id=\"87a0e67\" data-element_type=\"widget\" data-widget_type=\"image.default\">\n\t\t\t\t<div class=\"elementor-widget-container\">\n\t\t\t\t\t\t\t\t\t\t\t\t\t\t\t<img loading=\"lazy\" decoding=\"async\" width=\"800\" height=\"825\" src=\"https:\/\/elgatoquetodolosabe.com\/wp-content\/uploads\/2024\/08\/1000017590-e1722875574331-993x1024.jpg\" class=\"attachment-large size-large wp-image-522\" alt=\"\" srcset=\"https:\/\/elgatoquetodolosabe.com\/wp-content\/uploads\/2024\/08\/1000017590-e1722875574331-993x1024.jpg 993w, https:\/\/elgatoquetodolosabe.com\/wp-content\/uploads\/2024\/08\/1000017590-e1722875574331-291x300.jpg 291w, https:\/\/elgatoquetodolosabe.com\/wp-content\/uploads\/2024\/08\/1000017590-e1722875574331-768x792.jpg 768w, https:\/\/elgatoquetodolosabe.com\/wp-content\/uploads\/2024\/08\/1000017590-e1722875574331.jpg 1016w\" sizes=\"auto, (max-width: 800px) 100vw, 800px\" \/>\t\t\t\t\t\t\t\t\t\t\t\t\t\t\t<\/div>\n\t\t\t\t<\/div>\n\t\t\t\t\t<\/div>\n\t\t<\/div>\n\t\t\t\t\t\t\t<\/div>\n\t\t<\/section>\n\t\t\t\t\t\t\t<\/div>\n\t\t","protected":false},"excerpt":{"rendered":"","protected":false},"author":1,"featured_media":0,"parent":322,"menu_order":-2,"comment_status":"closed","ping_status":"closed","template":"","meta":{"footnotes":""},"class_list":["post-519","page","type-page","status-publish","hentry"],"yoast_head":"<!-- This site is optimized with the Yoast SEO plugin v23.0 - https:\/\/yoast.com\/wordpress\/plugins\/seo\/ -->\n<title>Entrevista LNE - El gato que todo lo sabe<\/title>\n<meta name=\"description\" content=\"Las personas que la han le\u00eddo destacan el car\u00e1cter cinematogr\u00e1fico de la novela.\" \/>\n<meta name=\"robots\" content=\"index, follow, max-snippet:-1, max-image-preview:large, max-video-preview:-1\" \/>\n<link rel=\"canonical\" href=\"https:\/\/elgatoquetodolosabe.com\/index.php\/home-el-gato-que-todo-lo-sabe\/prensa\/entrevista-lne\/\" \/>\n<meta property=\"og:locale\" content=\"es_ES\" \/>\n<meta property=\"og:type\" content=\"article\" \/>\n<meta property=\"og:title\" content=\"Entrevista LNE - El gato que todo lo sabe\" \/>\n<meta property=\"og:description\" content=\"Las personas que la han le\u00eddo destacan el car\u00e1cter cinematogr\u00e1fico de la novela.\" \/>\n<meta property=\"og:url\" content=\"https:\/\/elgatoquetodolosabe.com\/index.php\/home-el-gato-que-todo-lo-sabe\/prensa\/entrevista-lne\/\" \/>\n<meta property=\"og:site_name\" content=\"El gato que todo lo sabe\" \/>\n<meta property=\"article:publisher\" content=\"https:\/\/www.facebook.com\/profile.php?id=100091626354388\" \/>\n<meta property=\"article:modified_time\" content=\"2024-08-05T16:35:09+00:00\" \/>\n<meta property=\"og:image\" content=\"https:\/\/elgatoquetodolosabe.com\/wp-content\/uploads\/2024\/08\/1000017589-e1722875538405-663x1024.jpg\" \/>\n<meta name=\"twitter:card\" content=\"summary_large_image\" \/>\n<meta name=\"twitter:site\" content=\"@ferheviatorres\" \/>\n<meta name=\"twitter:label1\" content=\"Tiempo de lectura\" \/>\n\t<meta name=\"twitter:data1\" content=\"1 minuto\" \/>\n<script type=\"application\/ld+json\" class=\"yoast-schema-graph\">{\"@context\":\"https:\/\/schema.org\",\"@graph\":[{\"@type\":\"WebPage\",\"@id\":\"https:\/\/elgatoquetodolosabe.com\/index.php\/home-el-gato-que-todo-lo-sabe\/prensa\/entrevista-lne\/\",\"url\":\"https:\/\/elgatoquetodolosabe.com\/index.php\/home-el-gato-que-todo-lo-sabe\/prensa\/entrevista-lne\/\",\"name\":\"Entrevista LNE - El gato que todo lo sabe\",\"isPartOf\":{\"@id\":\"https:\/\/elgatoquetodolosabe.com\/#website\"},\"primaryImageOfPage\":{\"@id\":\"https:\/\/elgatoquetodolosabe.com\/index.php\/home-el-gato-que-todo-lo-sabe\/prensa\/entrevista-lne\/#primaryimage\"},\"image\":{\"@id\":\"https:\/\/elgatoquetodolosabe.com\/index.php\/home-el-gato-que-todo-lo-sabe\/prensa\/entrevista-lne\/#primaryimage\"},\"thumbnailUrl\":\"https:\/\/elgatoquetodolosabe.com\/wp-content\/uploads\/2024\/08\/1000017589-e1722875538405-663x1024.jpg\",\"datePublished\":\"2024-08-05T16:29:41+00:00\",\"dateModified\":\"2024-08-05T16:35:09+00:00\",\"description\":\"Las personas que la han le\u00eddo destacan el car\u00e1cter cinematogr\u00e1fico de la novela.\",\"breadcrumb\":{\"@id\":\"https:\/\/elgatoquetodolosabe.com\/index.php\/home-el-gato-que-todo-lo-sabe\/prensa\/entrevista-lne\/#breadcrumb\"},\"inLanguage\":\"es\",\"potentialAction\":[{\"@type\":\"ReadAction\",\"target\":[\"https:\/\/elgatoquetodolosabe.com\/index.php\/home-el-gato-que-todo-lo-sabe\/prensa\/entrevista-lne\/\"]}]},{\"@type\":\"ImageObject\",\"inLanguage\":\"es\",\"@id\":\"https:\/\/elgatoquetodolosabe.com\/index.php\/home-el-gato-que-todo-lo-sabe\/prensa\/entrevista-lne\/#primaryimage\",\"url\":\"https:\/\/elgatoquetodolosabe.com\/wp-content\/uploads\/2024\/08\/1000017589-e1722875538405.jpg\",\"contentUrl\":\"https:\/\/elgatoquetodolosabe.com\/wp-content\/uploads\/2024\/08\/1000017589-e1722875538405.jpg\",\"width\":912,\"height\":1408},{\"@type\":\"BreadcrumbList\",\"@id\":\"https:\/\/elgatoquetodolosabe.com\/index.php\/home-el-gato-que-todo-lo-sabe\/prensa\/entrevista-lne\/#breadcrumb\",\"itemListElement\":[{\"@type\":\"ListItem\",\"position\":1,\"name\":\"Portada\",\"item\":\"https:\/\/elgatoquetodolosabe.com\/\"},{\"@type\":\"ListItem\",\"position\":2,\"name\":\"Home\",\"item\":\"https:\/\/elgatoquetodolosabe.com\/\"},{\"@type\":\"ListItem\",\"position\":3,\"name\":\"Prensa\",\"item\":\"https:\/\/elgatoquetodolosabe.com\/index.php\/home-el-gato-que-todo-lo-sabe\/prensa\/\"},{\"@type\":\"ListItem\",\"position\":4,\"name\":\"Entrevista LNE\"}]},{\"@type\":\"WebSite\",\"@id\":\"https:\/\/elgatoquetodolosabe.com\/#website\",\"url\":\"https:\/\/elgatoquetodolosabe.com\/\",\"name\":\"El gato que todo lo sabe\",\"description\":\"\",\"publisher\":{\"@id\":\"https:\/\/elgatoquetodolosabe.com\/#organization\"},\"potentialAction\":[{\"@type\":\"SearchAction\",\"target\":{\"@type\":\"EntryPoint\",\"urlTemplate\":\"https:\/\/elgatoquetodolosabe.com\/?s={search_term_string}\"},\"query-input\":\"required name=search_term_string\"}],\"inLanguage\":\"es\"},{\"@type\":\"Organization\",\"@id\":\"https:\/\/elgatoquetodolosabe.com\/#organization\",\"name\":\"El gato que todo lo sabe\",\"url\":\"https:\/\/elgatoquetodolosabe.com\/\",\"logo\":{\"@type\":\"ImageObject\",\"inLanguage\":\"es\",\"@id\":\"https:\/\/elgatoquetodolosabe.com\/#\/schema\/logo\/image\/\",\"url\":\"https:\/\/elgatoquetodolosabe.com\/wp-content\/uploads\/2023\/05\/Roll-upCaligrama-92541-1-scaled-e1720799734421.jpg\",\"contentUrl\":\"https:\/\/elgatoquetodolosabe.com\/wp-content\/uploads\/2023\/05\/Roll-upCaligrama-92541-1-scaled-e1720799734421.jpg\",\"width\":1061,\"height\":1591,\"caption\":\"El gato que todo lo sabe\"},\"image\":{\"@id\":\"https:\/\/elgatoquetodolosabe.com\/#\/schema\/logo\/image\/\"},\"sameAs\":[\"https:\/\/www.facebook.com\/profile.php?id=100091626354388\",\"https:\/\/x.com\/ferheviatorres\",\"https:\/\/www.instagram.com\/ferhevtor\/\"]}]}<\/script>\n<!-- \/ Yoast SEO plugin. -->","yoast_head_json":{"title":"Entrevista LNE - El gato que todo lo sabe","description":"Las personas que la han le\u00eddo destacan el car\u00e1cter cinematogr\u00e1fico de la novela.","robots":{"index":"index","follow":"follow","max-snippet":"max-snippet:-1","max-image-preview":"max-image-preview:large","max-video-preview":"max-video-preview:-1"},"canonical":"https:\/\/elgatoquetodolosabe.com\/index.php\/home-el-gato-que-todo-lo-sabe\/prensa\/entrevista-lne\/","og_locale":"es_ES","og_type":"article","og_title":"Entrevista LNE - El gato que todo lo sabe","og_description":"Las personas que la han le\u00eddo destacan el car\u00e1cter cinematogr\u00e1fico de la novela.","og_url":"https:\/\/elgatoquetodolosabe.com\/index.php\/home-el-gato-que-todo-lo-sabe\/prensa\/entrevista-lne\/","og_site_name":"El gato que todo lo sabe","article_publisher":"https:\/\/www.facebook.com\/profile.php?id=100091626354388","article_modified_time":"2024-08-05T16:35:09+00:00","og_image":[{"url":"https:\/\/elgatoquetodolosabe.com\/wp-content\/uploads\/2024\/08\/1000017589-e1722875538405-663x1024.jpg"}],"twitter_card":"summary_large_image","twitter_site":"@ferheviatorres","twitter_misc":{"Tiempo de lectura":"1 minuto"},"schema":{"@context":"https:\/\/schema.org","@graph":[{"@type":"WebPage","@id":"https:\/\/elgatoquetodolosabe.com\/index.php\/home-el-gato-que-todo-lo-sabe\/prensa\/entrevista-lne\/","url":"https:\/\/elgatoquetodolosabe.com\/index.php\/home-el-gato-que-todo-lo-sabe\/prensa\/entrevista-lne\/","name":"Entrevista LNE - El gato que todo lo sabe","isPartOf":{"@id":"https:\/\/elgatoquetodolosabe.com\/#website"},"primaryImageOfPage":{"@id":"https:\/\/elgatoquetodolosabe.com\/index.php\/home-el-gato-que-todo-lo-sabe\/prensa\/entrevista-lne\/#primaryimage"},"image":{"@id":"https:\/\/elgatoquetodolosabe.com\/index.php\/home-el-gato-que-todo-lo-sabe\/prensa\/entrevista-lne\/#primaryimage"},"thumbnailUrl":"https:\/\/elgatoquetodolosabe.com\/wp-content\/uploads\/2024\/08\/1000017589-e1722875538405-663x1024.jpg","datePublished":"2024-08-05T16:29:41+00:00","dateModified":"2024-08-05T16:35:09+00:00","description":"Las personas que la han le\u00eddo destacan el car\u00e1cter cinematogr\u00e1fico de la novela.","breadcrumb":{"@id":"https:\/\/elgatoquetodolosabe.com\/index.php\/home-el-gato-que-todo-lo-sabe\/prensa\/entrevista-lne\/#breadcrumb"},"inLanguage":"es","potentialAction":[{"@type":"ReadAction","target":["https:\/\/elgatoquetodolosabe.com\/index.php\/home-el-gato-que-todo-lo-sabe\/prensa\/entrevista-lne\/"]}]},{"@type":"ImageObject","inLanguage":"es","@id":"https:\/\/elgatoquetodolosabe.com\/index.php\/home-el-gato-que-todo-lo-sabe\/prensa\/entrevista-lne\/#primaryimage","url":"https:\/\/elgatoquetodolosabe.com\/wp-content\/uploads\/2024\/08\/1000017589-e1722875538405.jpg","contentUrl":"https:\/\/elgatoquetodolosabe.com\/wp-content\/uploads\/2024\/08\/1000017589-e1722875538405.jpg","width":912,"height":1408},{"@type":"BreadcrumbList","@id":"https:\/\/elgatoquetodolosabe.com\/index.php\/home-el-gato-que-todo-lo-sabe\/prensa\/entrevista-lne\/#breadcrumb","itemListElement":[{"@type":"ListItem","position":1,"name":"Portada","item":"https:\/\/elgatoquetodolosabe.com\/"},{"@type":"ListItem","position":2,"name":"Home","item":"https:\/\/elgatoquetodolosabe.com\/"},{"@type":"ListItem","position":3,"name":"Prensa","item":"https:\/\/elgatoquetodolosabe.com\/index.php\/home-el-gato-que-todo-lo-sabe\/prensa\/"},{"@type":"ListItem","position":4,"name":"Entrevista LNE"}]},{"@type":"WebSite","@id":"https:\/\/elgatoquetodolosabe.com\/#website","url":"https:\/\/elgatoquetodolosabe.com\/","name":"El gato que todo lo sabe","description":"","publisher":{"@id":"https:\/\/elgatoquetodolosabe.com\/#organization"},"potentialAction":[{"@type":"SearchAction","target":{"@type":"EntryPoint","urlTemplate":"https:\/\/elgatoquetodolosabe.com\/?s={search_term_string}"},"query-input":"required name=search_term_string"}],"inLanguage":"es"},{"@type":"Organization","@id":"https:\/\/elgatoquetodolosabe.com\/#organization","name":"El gato que todo lo sabe","url":"https:\/\/elgatoquetodolosabe.com\/","logo":{"@type":"ImageObject","inLanguage":"es","@id":"https:\/\/elgatoquetodolosabe.com\/#\/schema\/logo\/image\/","url":"https:\/\/elgatoquetodolosabe.com\/wp-content\/uploads\/2023\/05\/Roll-upCaligrama-92541-1-scaled-e1720799734421.jpg","contentUrl":"https:\/\/elgatoquetodolosabe.com\/wp-content\/uploads\/2023\/05\/Roll-upCaligrama-92541-1-scaled-e1720799734421.jpg","width":1061,"height":1591,"caption":"El gato que todo lo sabe"},"image":{"@id":"https:\/\/elgatoquetodolosabe.com\/#\/schema\/logo\/image\/"},"sameAs":["https:\/\/www.facebook.com\/profile.php?id=100091626354388","https:\/\/x.com\/ferheviatorres","https:\/\/www.instagram.com\/ferhevtor\/"]}]}},"_links":{"self":[{"href":"https:\/\/elgatoquetodolosabe.com\/index.php\/wp-json\/wp\/v2\/pages\/519","targetHints":{"allow":["GET"]}}],"collection":[{"href":"https:\/\/elgatoquetodolosabe.com\/index.php\/wp-json\/wp\/v2\/pages"}],"about":[{"href":"https:\/\/elgatoquetodolosabe.com\/index.php\/wp-json\/wp\/v2\/types\/page"}],"author":[{"embeddable":true,"href":"https:\/\/elgatoquetodolosabe.com\/index.php\/wp-json\/wp\/v2\/users\/1"}],"replies":[{"embeddable":true,"href":"https:\/\/elgatoquetodolosabe.com\/index.php\/wp-json\/wp\/v2\/comments?post=519"}],"version-history":[{"count":10,"href":"https:\/\/elgatoquetodolosabe.com\/index.php\/wp-json\/wp\/v2\/pages\/519\/revisions"}],"predecessor-version":[{"id":532,"href":"https:\/\/elgatoquetodolosabe.com\/index.php\/wp-json\/wp\/v2\/pages\/519\/revisions\/532"}],"up":[{"embeddable":true,"href":"https:\/\/elgatoquetodolosabe.com\/index.php\/wp-json\/wp\/v2\/pages\/322"}],"wp:attachment":[{"href":"https:\/\/elgatoquetodolosabe.com\/index.php\/wp-json\/wp\/v2\/media?parent=519"}],"curies":[{"name":"wp","href":"https:\/\/api.w.org\/{rel}","templated":true}]}}